{"id":879,"date":"2019-11-08T11:38:17","date_gmt":"2019-11-08T10:38:17","guid":{"rendered":"https:\/\/ksm-keg-service.de\/\/?page_id=879"},"modified":"2019-11-08T11:38:17","modified_gmt":"2019-11-08T10:38:17","slug":"about-us","status":"publish","type":"page","link":"https:\/\/ksm-keg-service.de\/en\/about-us\/","title":{"rendered":"About Us"},"content":{"rendered":"<div class=\"wpb-content-wrapper\"><p>[vc_row row_height_percent=&#8221;70&#8243; override_padding=&#8221;yes&#8221; h_padding=&#8221;3&#8243; top_padding=&#8221;5&#8243; bottom_padding=&#8221;5&#8243; back_color=&#8221;color-wayh&#8221; back_image=&#8221;52&#8243; parallax=&#8221;yes&#8221; kburns=&#8221;zoom&#8221; overlay_color=&#8221;color-wayh&#8221; overlay_alpha=&#8221;50&#8243; gutter_size=&#8221;3&#8243; column_width_percent=&#8221;100&#8243; shift_y=&#8221;0&#8243; z_index=&#8221;0&#8243; top_divider=&#8221;gradient&#8221; bottom_divider=&#8221;gradient&#8221;][vc_column column_width_percent=&#8221;100&#8243; gutter_size=&#8221;3&#8243; overlay_alpha=&#8221;50&#8243; shift_x=&#8221;0&#8243; shift_y=&#8221;0&#8243; shift_y_down=&#8221;0&#8243; z_index=&#8221;0&#8243; medium_width=&#8221;0&#8243; mobile_width=&#8221;0&#8243; zoom_width=&#8221;0&#8243; zoom_height=&#8221;0&#8243; width=&#8221;1\/1&#8243;][uncode_slider slider_type=&#8221;fade&#8221; slider_interval=&#8221;5000&#8243; slider_navspeed=&#8221;400&#8243; slider_loop=&#8221;yes&#8221; slider_hide_arrows=&#8221;yes&#8221;][vc_row_inner row_inner_height_percent=&#8221;0&#8243; overlay_alpha=&#8221;50&#8243; gutter_size=&#8221;3&#8243; shift_y=&#8221;0&#8243; z_index=&#8221;0&#8243;][vc_column_inner column_width_percent=&#8221;80&#8243; position_horizontal=&#8221;left&#8221; position_vertical=&#8221;middle&#8221; gutter_size=&#8221;2&#8243; style=&#8221;dark&#8221; overlay_alpha=&#8221;50&#8243; shift_x=&#8221;0&#8243; shift_y=&#8221;0&#8243; shift_y_down=&#8221;0&#8243; z_index=&#8221;0&#8243; medium_width=&#8221;0&#8243; mobile_width=&#8221;0&#8243; css_animation=&#8221;bottom-t-top&#8221; animation_delay=&#8221;400&#8243; zoom_width=&#8221;0&#8243; zoom_height=&#8221;0&#8243; width=&#8221;1\/1&#8243;][vc_custom_heading heading_semantic=&#8221;h1&#8243; text_font=&#8221;font-151572&#8243; text_size=&#8221;fontsize-142866&#8243; text_weight=&#8221;700&#8243; text_transform=&#8221;uppercase&#8221; text_color=&#8221;color-xsdn&#8221; css_animation=&#8221;curtain&#8221; animation_delay=&#8221;400&#8243;]About us[\/vc_custom_heading][vc_separator sep_color=&#8221;color-935965&#8243; css_animation=&#8221;bottom-t-top&#8221; animation_delay=&#8221;400&#8243; el_height=&#8221;10px&#8221; el_width=&#8221;150px&#8221;][\/vc_column_inner][\/vc_row_inner][\/uncode_slider][\/vc_column][\/vc_row][vc_row row_height_percent=&#8221;0&#8243; override_padding=&#8221;yes&#8221; h_padding=&#8221;2&#8243; top_padding=&#8221;5&#8243; bottom_padding=&#8221;5&#8243; back_color=&#8221;color-935965&#8243; overlay_alpha=&#8221;50&#8243; gutter_size=&#8221;3&#8243; column_width_percent=&#8221;100&#8243; shift_y=&#8221;0&#8243; z_index=&#8221;0&#8243;][vc_column column_width_percent=&#8221;95&#8243; position_vertical=&#8221;middle&#8221; align_horizontal=&#8221;align_center&#8221; gutter_size=&#8221;3&#8243; style=&#8221;light&#8221; overlay_alpha=&#8221;50&#8243; shift_x=&#8221;0&#8243; shift_y=&#8221;0&#8243; shift_y_down=&#8221;0&#8243; z_index=&#8221;0&#8243; align_medium=&#8221;align_center_tablet&#8221; medium_width=&#8221;7&#8243; mobile_width=&#8221;0&#8243; width=&#8221;1\/1&#8243;][vc_custom_heading]KSM &#8211; Partner der Getr\u00e4nkeindustrie[\/vc_custom_heading][vc_column_text text_lead=&#8221;yes&#8221;]Weltweit vertrauen renommierte Brauereien und andere globale Getr\u00e4nkeproduzenten seit 1990 auf die partnerschaftliche Zusammenarbeit mit KSM Keg Service Mannich GmbH. Bereits vor 28 Jahren entwickelten wir eine revolution\u00e4re Maschine zum Ausbeulen der Kopf- und Fu\u00dfringe von Kegs, die von uns nach k\u00fcrzester Zeit international patentiert wurde und bis heute konkurrenzlos am Markt ist. Weltweit vertrauen renommierte Brauereien und andere globale Getr\u00e4nkeproduzenten auf die wirtschaftliche Zusammenarbeit mit KSM Keg Service Mannich GmbH.<\/p>\n<p>Auch in den folgenden Jahren erfolgten zahlreiche weitere Patentanmeldungen und die Entwicklung eigener Spezialmaschinen wie unsere REPA-Keg1, REPA-Keg2, dem Spezial- Muffenrichter, unserer Hochdruckfr\u00e4se die mit 2.300bar bei der \u00dcberholung gebrauchter Kegs den Farbringen und Banderolen zu Leibe r\u00fcckt, sowie unsere automatischen Signierstationen und Fitting Schrauber.<\/p>\n<p>KSM\u2026 wir lieben Kegs![\/vc_column_text][\/vc_column][\/vc_row][vc_row row_height_percent=&#8221;0&#8243; override_padding=&#8221;yes&#8221; h_padding=&#8221;2&#8243; top_padding=&#8221;5&#8243; bottom_padding=&#8221;5&#8243; back_color=&#8221;color-817523&#8243; overlay_alpha=&#8221;50&#8243; gutter_size=&#8221;3&#8243; column_width_percent=&#8221;100&#8243; shift_y=&#8221;0&#8243; z_index=&#8221;0&#8243;][vc_column column_width_percent=&#8221;100&#8243; gutter_size=&#8221;3&#8243; style=&#8221;dark&#8221; overlay_alpha=&#8221;50&#8243; shift_x=&#8221;0&#8243; shift_y=&#8221;0&#8243; shift_y_down=&#8221;0&#8243; z_index=&#8221;0&#8243; medium_width=&#8221;0&#8243; mobile_width=&#8221;0&#8243; width=&#8221;1\/1&#8243;][vc_custom_heading heading_semantic=&#8221;h4&#8243; text_weight=&#8221;500&#8243; text_color=&#8221;color-xsdn&#8221; separator=&#8221;yes&#8221;]Die wichtigsten Bausteine<\/p>\n<p>unseres Unternehmenserfolgs.[\/vc_custom_heading][vc_empty_space empty_h=&#8221;2&#8243;][vc_row_inner][vc_column_inner column_width_percent=&#8221;100&#8243; gutter_size=&#8221;3&#8243; style=&#8221;dark&#8221; overlay_alpha=&#8221;50&#8243; shift_x=&#8221;0&#8243; shift_y=&#8221;0&#8243; shift_y_down=&#8221;0&#8243; z_index=&#8221;0&#8243; medium_width=&#8221;0&#8243; mobile_width=&#8221;0&#8243; width=&#8221;1\/2&#8243;][vc_custom_heading heading_semantic=&#8221;h1&#8243; text_font=&#8221;font-151572&#8243; text_weight=&#8221;700&#8243; text_transform=&#8221;uppercase&#8221; text_color=&#8221;color-935965&#8243; sub_reduced=&#8221;yes&#8221; subheading=&#8221;Unternehmensgr\u00fcndung als station\u00e4rer Keg- und Fitting-Service mit dem Ziel, die Effektivit\u00e4t der Abf\u00fcllanlagen der Brauereien zu steigern.<\/p>\n<p>Internationales Patent f\u00fcr die erste selbst entwickelte Sondermaschine von KSM-KEG.&#8221;]1990[\/vc_custom_heading][vc_custom_heading heading_semantic=&#8221;h1&#8243; text_font=&#8221;font-151572&#8243; text_weight=&#8221;700&#8243; text_transform=&#8221;uppercase&#8221; text_color=&#8221;color-935965&#8243; sub_reduced=&#8221;yes&#8221; subheading=&#8221;Start des Vertriebs von gebrauchten und general\u00fcberholten Kegs, um die stetig steigende Nachfrage abzudecken.&#8221;]1991[\/vc_custom_heading][vc_custom_heading heading_semantic=&#8221;h1&#8243; text_font=&#8221;font-151572&#8243; text_weight=&#8221;700&#8243; text_transform=&#8221;uppercase&#8221; text_color=&#8221;color-935965&#8243; sub_reduced=&#8221;yes&#8221; subheading=&#8221;Ausstattung mit einer \u201eUltraschalreinigungsmaschine&#8220; zur hocheffizienten Reinigung aller Fitting-Einzelteile.&#8221;]1992[\/vc_custom_heading][vc_custom_heading heading_semantic=&#8221;h1&#8243; text_font=&#8221;font-151572&#8243; text_weight=&#8221;700&#8243; text_transform=&#8221;uppercase&#8221; text_color=&#8221;color-935965&#8243; sub_reduced=&#8221;yes&#8221; subheading=&#8221;KSM-KEG wird durch den Hallen-Neubau sinnvoll erweitert.<\/p>\n<p>Konsequente Eigenentwicklung und Ausbau der Instandhaltungstechnologie.&#8221;]1998[\/vc_custom_heading][vc_custom_heading heading_semantic=&#8221;h1&#8243; text_font=&#8221;font-151572&#8243; text_weight=&#8221;700&#8243; text_transform=&#8221;uppercase&#8221; text_color=&#8221;color-935965&#8243; sub_reduced=&#8221;yes&#8221; subheading=&#8221;Ausbau der mobilen Services mit einem KSM-Keg-Drehmomentschrauber f\u00fcr zuverl\u00e4ssig reproduzierbare Einschraubqualit\u00e4ten.&#8221;]1999[\/vc_custom_heading][vc_custom_heading heading_semantic=&#8221;h1&#8243; text_font=&#8221;font-151572&#8243; text_weight=&#8221;700&#8243; text_transform=&#8221;uppercase&#8221; text_color=&#8221;color-935965&#8243; sub_reduced=&#8221;yes&#8221; subheading=&#8221;Aufbau der ersten in Linie arbeitenden Reparaturstra\u00dfe und Verdopplung des Fasslagers.&#8221;]2001[\/vc_custom_heading][\/vc_column_inner][vc_column_inner column_width_percent=&#8221;100&#8243; gutter_size=&#8221;3&#8243; style=&#8221;dark&#8221; overlay_alpha=&#8221;50&#8243; shift_x=&#8221;0&#8243; shift_y=&#8221;0&#8243; shift_y_down=&#8221;0&#8243; z_index=&#8221;0&#8243; medium_width=&#8221;0&#8243; mobile_width=&#8221;0&#8243; width=&#8221;1\/2&#8243;][vc_custom_heading heading_semantic=&#8221;h1&#8243; text_font=&#8221;font-151572&#8243; text_weight=&#8221;700&#8243; text_transform=&#8221;uppercase&#8221; text_color=&#8221;color-935965&#8243; sub_reduced=&#8221;yes&#8221; subheading=&#8221;Erweiterung und Umbau der Reparaturlinie mit zus\u00e4tzlicher Innenreinigung und Hochdruckfr\u00e4se.&#8221;]2002[\/vc_custom_heading][vc_custom_heading heading_semantic=&#8221;h1&#8243; text_font=&#8221;font-151572&#8243; text_weight=&#8221;700&#8243; text_transform=&#8221;uppercase&#8221; text_color=&#8221;color-935965&#8243; sub_reduced=&#8221;yes&#8221; subheading=&#8221;Kapazit\u00e4tsanpassung der Reparaturstra\u00dfe auf bis zu 800 Kegs pro Tag.&#8221;]2005[\/vc_custom_heading][vc_custom_heading heading_semantic=&#8221;h1&#8243; text_font=&#8221;font-151572&#8243; text_weight=&#8221;700&#8243; text_transform=&#8221;uppercase&#8221; text_color=&#8221;color-935965&#8243; sub_reduced=&#8221;yes&#8221; subheading=&#8221;Verdopplung der bisherigen Kapazit\u00e4t durch eine zweite innovative Poliermaschine.&#8221;]2008[\/vc_custom_heading][vc_custom_heading heading_semantic=&#8221;h1&#8243; text_font=&#8221;font-151572&#8243; text_weight=&#8221;700&#8243; text_transform=&#8221;uppercase&#8221; text_color=&#8221;color-935965&#8243; sub_reduced=&#8221;yes&#8221; subheading=&#8221;Entwicklung des speziellen KSM Signierverfahrens zur Darstellung detailreicher Logos und Schriften&#8221;]2011[\/vc_custom_heading][vc_custom_heading heading_semantic=&#8221;h1&#8243; text_font=&#8221;font-151572&#8243; text_weight=&#8221;700&#8243; text_transform=&#8221;uppercase&#8221; text_color=&#8221;color-935965&#8243; sub_reduced=&#8221;yes&#8221; subheading=&#8221;Anpassung und Modernisierung der bestehenden Keg Linien&#8221;]2015[\/vc_custom_heading][vc_custom_heading heading_semantic=&#8221;h1&#8243; text_font=&#8221;font-151572&#8243; text_weight=&#8221;700&#8243; text_transform=&#8221;uppercase&#8221; text_color=&#8221;color-935965&#8243; sub_reduced=&#8221;yes&#8221; subheading=&#8221;Prototyp unserer vollautomatischen Signierstation&#8221;]2018[\/vc_custom_heading][vc_custom_heading heading_semantic=&#8221;h1&#8243; text_font=&#8221;font-151572&#8243; text_weight=&#8221;700&#8243; text_transform=&#8221;uppercase&#8221; text_color=&#8221;color-935965&#8243; sub_reduced=&#8221;yes&#8221; subheading=&#8221;Serienreife und Erweiterung der Signierstra\u00dfe um 4 weitere Stationen&#8221;]2019[\/vc_custom_heading][\/vc_column_inner][\/vc_row_inner][vc_empty_space empty_h=&#8221;3&#8243;][vc_custom_heading heading_semantic=&#8221;h4&#8243; text_weight=&#8221;500&#8243; text_color=&#8221;color-xsdn&#8221; separator=&#8221;yes&#8221;]Zuk\u00fcnftige Projekte:[\/vc_custom_heading][vc_empty_space empty_h=&#8221;2&#8243;][vc_row_inner][vc_column_inner column_width_percent=&#8221;100&#8243; gutter_size=&#8221;3&#8243; style=&#8221;dark&#8221; overlay_alpha=&#8221;50&#8243; shift_x=&#8221;0&#8243; shift_y=&#8221;0&#8243; shift_y_down=&#8221;0&#8243; z_index=&#8221;0&#8243; medium_width=&#8221;0&#8243; mobile_width=&#8221;0&#8243; width=&#8221;1\/2&#8243;][vc_custom_heading heading_semantic=&#8221;h1&#8243; text_font=&#8221;font-151572&#8243; text_weight=&#8221;700&#8243; text_transform=&#8221;uppercase&#8221; text_color=&#8221;color-935965&#8243; sub_reduced=&#8221;yes&#8221; subheading=&#8221;Erweiterung um eine dritte Linie zur Kapazit\u00e4tssteigerung.<\/p>\n<p>Zukauf von weiteren 6.900m\u00b2 Grund als zus\u00e4tzliches Fasslager und Produktionsfl\u00e4che.<\/p>\n<p>Ausbau der Keg-Erkennung durch QR-Code und RFID Technik.&#8221;]2020[\/vc_custom_heading][\/vc_column_inner][vc_column_inner column_width_percent=&#8221;100&#8243; gutter_size=&#8221;3&#8243; style=&#8221;dark&#8221; overlay_alpha=&#8221;50&#8243; shift_x=&#8221;0&#8243; shift_y=&#8221;0&#8243; shift_y_down=&#8221;0&#8243; z_index=&#8221;0&#8243; medium_width=&#8221;0&#8243; mobile_width=&#8221;0&#8243; width=&#8221;1\/2&#8243;][\/vc_column_inner][\/vc_row_inner][\/vc_column][\/vc_row][vc_row row_height_percent=&#8221;0&#8243; back_image=&#8221;579&#8243; back_position=&#8221;center center&#8221; parallax=&#8221;yes&#8221; overlay_alpha=&#8221;50&#8243; gutter_size=&#8221;3&#8243; column_width_percent=&#8221;100&#8243; shift_y=&#8221;0&#8243; z_index=&#8221;0&#8243;][vc_column width=&#8221;1\/1&#8243;][vc_empty_space empty_h=&#8221;5&#8243;][vc_empty_space empty_h=&#8221;5&#8243;][vc_empty_space empty_h=&#8221;5&#8243;][vc_empty_space empty_h=&#8221;5&#8243;][vc_empty_space empty_h=&#8221;5&#8243;][vc_empty_space empty_h=&#8221;5&#8243;][\/vc_column][\/vc_row][vc_row][vc_column width=&#8221;1\/1&#8243;][uncode_block id=&#8221;195&#8243;][\/vc_column][\/vc_row]<\/p>\n<\/div>","protected":false},"excerpt":{"rendered":"<p>[vc_row row_height_percent=&#8221;70&#8243; override_padding=&#8221;yes&#8221; h_padding=&#8221;3&#8243; top_padding=&#8221;5&#8243; bottom_padding=&#8221;5&#8243; back_color=&#8221;color-wayh&#8221; back_image=&#8221;52&#8243; parallax=&#8221;yes&#8221; kburns=&#8221;zoom&#8221; overlay_color=&#8221;color-wayh&#8221; overlay_alpha=&#8221;50&#8243; gutter_size=&#8221;3&#8243; column_width_percent=&#8221;100&#8243; shift_y=&#8221;0&#8243; z_index=&#8221;0&#8243; top_divider=&#8221;gradient&#8221; bottom_divider=&#8221;gradient&#8221;][vc_column column_width_percent=&#8221;100&#8243; gutter_size=&#8221;3&#8243; [&hellip;]<\/p>\n","protected":false},"author":1,"featured_media":0,"parent":0,"menu_order":0,"comment_status":"closed","ping_status":"closed","template":"","meta":{"footnotes":""},"class_list":["post-879","page","type-page","status-publish","hentry"],"_links":{"self":[{"href":"https:\/\/ksm-keg-service.de\/en\/wp-json\/wp\/v2\/pages\/879","targetHints":{"allow":["GET"]}}],"collection":[{"href":"https:\/\/ksm-keg-service.de\/en\/wp-json\/wp\/v2\/pages"}],"about":[{"href":"https:\/\/ksm-keg-service.de\/en\/wp-json\/wp\/v2\/types\/page"}],"author":[{"embeddable":true,"href":"https:\/\/ksm-keg-service.de\/en\/wp-json\/wp\/v2\/users\/1"}],"replies":[{"embeddable":true,"href":"https:\/\/ksm-keg-service.de\/en\/wp-json\/wp\/v2\/comments?post=879"}],"version-history":[{"count":1,"href":"https:\/\/ksm-keg-service.de\/en\/wp-json\/wp\/v2\/pages\/879\/revisions"}],"predecessor-version":[{"id":880,"href":"https:\/\/ksm-keg-service.de\/en\/wp-json\/wp\/v2\/pages\/879\/revisions\/880"}],"wp:attachment":[{"href":"https:\/\/ksm-keg-service.de\/en\/wp-json\/wp\/v2\/media?parent=879"}],"curies":[{"name":"wp","href":"https:\/\/api.w.org\/{rel}","templated":true}]}}